{"id":54,"date":"2024-05-16T22:39:07","date_gmt":"2024-05-16T22:39:07","guid":{"rendered":"https:\/\/cc-raffaello.it\/?page_id=54"},"modified":"2024-05-21T22:33:52","modified_gmt":"2024-05-21T22:33:52","slug":"case-history","status":"publish","type":"page","link":"https:\/\/cc-raffaello.it\/home\/case-history","title":{"rendered":"Case History"},"content":{"rendered":"\n\n\t<div class=\"sc_fancy_player_container\"><!--[if lt IE 9]><script>document.createElement('audio');<\/script><![endif]-->\n<audio class=\"wp-audio-shortcode\" id=\"audio-54-1\" autoplay=\"1\" preload=\"none\" style=\"width: 100%;\" controls=\"controls\"><source type=\"audio\/mpeg\" src=\"https:\/\/cc-raffaello.it\/wp-content\/uploads\/2024\/05\/Luca-Pianoforte.mp3?_=1\" \/><a href=\"https:\/\/cc-raffaello.it\/wp-content\/uploads\/2024\/05\/Luca-Pianoforte.mp3\">https:\/\/cc-raffaello.it\/wp-content\/uploads\/2024\/05\/Luca-Pianoforte.mp3<\/a><\/audio><\/div>\n<h2>\n\t\tCase History dell&#8217;Hotel Raffaello\n\t<\/h2>\n<h2>\n\t\tdi Aureliano Bonini\n\t<\/h2>\n\t<p>Ho incontrato Gabriele Balducci nel lontano 1987, un anno prima della fioritura algale di luglio 1988 e della tragica fioritura delle mucillaggini del 1989.<\/p>\n<p>In quegli anni il turismo andava cos\u00ec bene che gli albergatori non erano neppure sfiorati dalla necessit\u00e0 di sentire i consulenti. Si sentivano imparati, sicuri, persino pronti a insegnarci le cose da fare e da evitare. Fummo quindi sorpresi dalla sensibilit\u00e0 e dal dinamismo di Balducci al quale dedicammo subito simpatia e suggerimenti. Erano gli anni in cui la Riviera Romagnola offriva prezzi omologati, praticamente identici da Comacchio a Cattolica, differenziati solo per periodi stagionali. Gli aumenti scattavano in base alle date e non in base al comfort di alloggio.<\/p>\n<p>La bassa stagione finiva il giorno dei S.S. Pietro e Paolo, luglio era un mese problematico perch\u00e8 i prezzi erano molto simili a quelli di agosto, mentre dal 5 al 25 agosto gli albergatori erano soliti &#8220;stangare&#8221; i clienti obbligandoli a pagare il 3\u00b0 e il 4\u00b0 letto anche quando erano solo in due. Tempi d&#8217;oro! Trademark Italia, per prima in Italia, stava cercando di sensibilizzare i gestori verso un nuovo metodo di pricing. Avevamo sperimentato e collaudato la differenziazione al Tiberius di Rimini, un piccolo albergo aperto tutto l&#8217;anno, gestito da un genialissimo Pierpaolo Bernardi, ma ci serviva un pioniere, qualcuno che sperimentasse con successo quel tipo di approccio nella realt\u00e0 balneare e stagionale della Romagna.<\/p>\n<p>Il decollo del sistema dei prezzi differenziati\u00a0<em>&#8220;clienti diversi, prezzi diversi&#8221;<\/em>, non era facile da trasmettere a chi gi\u00e0 otteneva dall&#8217;albergo redditi eccellenti, e a fine anni &#8217;80 la differenziazione dei prezzi in base alla qualit\u00e0 dei servizi non piaceva perch\u00e9 secondo gli albergatori, complicava il negoziato con il cliente. Sebbene i turisti fossero palesemente diversi tra loro e avessero aspettative e propensioni alla spesa divaricanti, la regola era quella dell&#8217;omologazione: &#8220;i clienti sono tutti uguali e per evitare discussioni &#8230; prezzi identici.<\/p>\nNessuno accettava l&#8217;idea che i turisti, essendo diversi, sarebbero stati felici di<br \/>\n&#8211; pagare\u00a0<u>qualcosa in pi\u00f9\u00a0<\/u>per le sistemazioni migliori,<br \/>\n&#8211; pagare\u00a0<u>qualcosa in meno<\/u>\u00a0per le sistemazioni standard.\n<p>Tutti pensavano:\u00a0<em>&#8220;i clienti parlano tra loro e quando scoprono di pagare pi\u00f9 del loro vicino di tavolo se la prendono con noi &#8230; reclamano e non tornano pi\u00f9. Anche se le camere sono diverse, \u00e8 meglio che paghino lo stesso prezzo. E&#8217; una questione di onest\u00e0!&#8221;.<\/em><\/p>\n<p>Balducci guardava avanti, era diverso dagli altri albergatori, aveva in testa idee originali e ci mise poco a intuire che con differenziando i prezzi avrebbe ottenuto numerosi vantaggi. Voleva essere innovativo, all&#8217;avanguardia, marketing oriented, pronto ad offrirsi sul mercato con prezzi differenti. E organizz\u00f2 le cose in modo da realizzare una onesta e comprensibile differenziazione del comfort, dei servizi e quindi dei prezzi. Lavorammo insieme su un listino prezzi che servisse a sintonizzare l&#8217;offerta dell&#8217;Hotel Raffaello con la propensione alla spesa dei potenziali clienti e a consolidare la procedura di vendita.<\/p>\n<p>Non pi\u00f9 un solo prezzo ma tre prezzi tra i quali scegliere, non pi\u00f9 un solo tipo di camera ma camere simili equipaggiate in modi diversi. Tutto doveva essere organizzato per la soddisfazione del cliente e per allinearsi alla sua reale propensione alla spesa; avevamo incontrato il dinamico pioniere del marketing applicato che cercavamo.<\/p>\n\t\t\t\t<img loading=\"lazy\" decoding=\"async\" src=\"https:\/\/cc-raffaello.it\/wp-content\/uploads\/2024\/05\/Case-History-Hotel-Raffaello.jpg\" alt=\"Case History Hotel Raffaello\" itemprop=\"image\" height=\"373\" width=\"565\" title=\"Case History Hotel Raffaello\" onerror=\"this.style.display='none'\"  \/>\n\t<p>L&#8217;Hotel Raffaello,\u00a0<strong>primo albergo stagionale a offrire prezzi differenziati,<\/strong>\u00a0ovvero a prezzi stabiliti non in base a medie e memorie romagnole, ma in base all&#8217;effettivo valore della camera, del servizio, del prodotto e &#8230; della propensione alla spesa del cliente.<\/p>\n<p>Dichiarare tre tipi di camere (Tiepolo, Giotto e Rembrandt), con il passare degli anni sarebbe diventato popolare e si sarebbe andati verso la declinazione statunitense (classic &#8211; superior &#8211; deluxe) che oggi viene utilizzata da oltre 2.000 hotel italiani.<\/p>\n<p>Il primo listino del Raffaello fece il giro d&#8217;Italia. Lo presentammo all&#8217;Universit\u00e0 Bocconi, alla Scuola di Management della Luiss e per 5 anni fu materia di esame alla Facolt\u00e0 di Economia del Turismo di Assisi (Universit\u00e0 di Perugia). Balducci prov\u00f2 anche a spiegare ai suoi colleghi albergatori che non era affatto un azzardo discriminare i clienti, e che il suo listino funzionava, ma nessuno volle accettare la sfida. Sconvolti dai 4 tipi di stagionalit\u00e0: bassa, media, alta e altissima (le date del cambiamento le decideva l&#8217;albergatore all&#8217;ultimo momento) e dal linguaggio del listino, preferirono continuare per la solita strada.<\/p>\n<p>Intanto Balducci riqualific\u00f2 alcune camere, cambi\u00f2 i letti, acquist\u00f2 dei nuovi televisori, aggiorn\u00f2 il servizio e ottenne successi strepitosi. Il listino prezzi a colori dell&#8217;estate del 1989 (l&#8217;anno delle mucillaggini) stampato in 4 lingue (ad ogni nazionalit\u00e0 il proprio linguaggio) rappresent\u00f2 un&#8217;evoluzione clamorosa per tutta la riviera romagnola. Probabilmente fu il capolavoro di Balducci, con quella coccarda che richiamava il tricolore e l&#8217;orgoglio nazionale. Venne pubblicato su riviste, giornali e libri di settore. Conteneva i\u00a0<em>&#8220;principi attivi della differenziazione&#8221;<\/em>, un tipo di procedura che oggi \u00e8 prassi normale, usata da tutti, anche dai Four Seasons.<\/p>\n<p>Balducci era in vantaggio di 10 anni, un vulcano di idee. Non stava mai fermo, era tormentato dalla scarsa sensibilit\u00e0 dei suoi dipendenti che ovviamente non capivano il fenomeno al quale stavano partecipando.<\/p>\n\t\t\t\t<img loading=\"lazy\" decoding=\"async\" src=\"https:\/\/cc-raffaello.it\/wp-content\/uploads\/2024\/05\/Case-History-Hotel-Raffaello2.jpg\" alt=\"Case History Hotel Raffaello2\" itemprop=\"image\" height=\"575\" width=\"573\" title=\"Case History Hotel Raffaello2\" onerror=\"this.style.display='none'\"  \/>\n\t<p>La chiarezza, la trasparenza, le magiche parole\u00a0<strong>bambini gratis,<\/strong>\u00a0apparvero per la prima volta al Raffaello di Cesenatico &#8211; Valverde, insieme alla descrizione dei tre tipi di camera disponibili. Le differenze di prezzo erano esposte con evidenza. Il tono del listino, gioioso e rassicurante fece effetto e l&#8217;Hotel Raffaello super\u00f2 quasi indenne l&#8217;arrivo delle mucillaggini che fecero segnare in quella estate un pauroso calo di presenze.<\/p>\n\t\t\t\t<img loading=\"lazy\" decoding=\"async\" src=\"https:\/\/cc-raffaello.it\/wp-content\/uploads\/2024\/05\/Case-History-Hotel-Raffaello3.jpg\" alt=\"Case History Hotel Raffaello3\" itemprop=\"image\" height=\"502\" width=\"565\" title=\"Case History Hotel Raffaello3\" onerror=\"this.style.display='none'\"  \/>\n\t\t\t\t<img loading=\"lazy\" decoding=\"async\" src=\"https:\/\/cc-raffaello.it\/wp-content\/uploads\/2024\/05\/Case-History-Hotel-Raffaello4.jpg\" alt=\"Case History Hotel Raffaello4\" itemprop=\"image\" height=\"482\" width=\"286\" title=\"Case History Hotel Raffaello4\" onerror=\"this.style.display='none'\"  \/>\n\t<p>Gli stampati predisposti da Balducci andavano dagli auguri di Pasqua a quelli di compleanno, dalla lettera di benvenuto al tegolino con il nome della cameriera, dalla directory al questionario per la customer satisfaction. Pubblicava anche una newsletter, la prima della Riviera Romagnola.<\/p>\n<p>Proponeva ai clienti delle camere Rembrant due letti queen size che fecero storia. Sebbene pi\u00f9 care, le camere pi\u00f9 e meglio equipaggiate erano sempre piene. Balducci offriva anche una specie di\u00a0<strong><em>all inclusive che lo differenziava da tutti i colleghi.<\/em><\/strong><\/p>\n<p>Possiamo tranquillamente affermare che ancor oggi sono pochi gli albergatori italiani emuli di Balducci. A quei tempi, persino il direttore marketing di Costa Crociere prese come esempio il suo listino prezzi per spiegare ai suoi collaboratori come differenziare le cabine, i clienti e i prezzi. Un precursore.<\/p>\n\t\t\t\t<img loading=\"lazy\" decoding=\"async\" src=\"https:\/\/cc-raffaello.it\/wp-content\/uploads\/2024\/05\/Case-History-Hotel-Raffaello5.jpg\" alt=\"Case History Hotel Raffaello5\" itemprop=\"image\" height=\"348\" width=\"383\" title=\"Case History Hotel Raffaello5\" onerror=\"this.style.display='none'\"  \/>\n\t<p>Continuare era facile e tra invidie, ammirazione, baldanza e orgoglio, il Raffaello apr\u00ec l&#8217;autostrada dei prezzi differenziati e gradualmente nacquero gli imitatori che copiando capire la logica di marketing che stava dietro a quel modo di offrirsi, non ebbero successo. Gli imitatori offrivano camere brutte a prezzi bassi, camere belle a prezzi alti, l&#8217;esatto contrario della strategia di Balducci. Il sistema dei prezzi differenziati, per colpa di questi errori, si \u00e8 diffuso molto pi\u00f9 tardi, quasi in parallelo alla diffusione di Internet.<\/p>\n<p>L&#8217;Hotel Raffaello si arricchiva anche di stampati e comunicazioni che altri consideravano inutili; I tegolini di invito al breakfast, il menu visibile in camera, le previsioni del tempo e le promozioni di prodotti e soggiorni direttamente nella stanza &#8230; cose mai viste a Cesenatico.<\/p>\n\t\t\t\t<img loading=\"lazy\" decoding=\"async\" src=\"https:\/\/cc-raffaello.it\/wp-content\/uploads\/2024\/05\/Case-History-Hotel-Raffaello6.jpg\" alt=\"Case History Hotel Raffaello6\" itemprop=\"image\" height=\"234\" width=\"421\" title=\"Case History Hotel Raffaello6\" onerror=\"this.style.display='none'\"  \/>\n\t\t\t\t<img loading=\"lazy\" decoding=\"async\" src=\"https:\/\/cc-raffaello.it\/wp-content\/uploads\/2024\/05\/Case-History-Hotel-Raffaello7.jpg\" alt=\"Case History Hotel Raffaello7\" itemprop=\"image\" height=\"523\" width=\"565\" title=\"Case History Hotel Raffaello7\" onerror=\"this.style.display='none'\"  \/>\n\t<p>Cos\u00ec Balducci prosegu\u00ec migliorando e innovando, fino a quando divenne autonomo e non ebbe pi\u00f9 bisogno dei consulenti. Ci sentivamo al telefono per le emergenze e in quelle occasioni mi raccontava degli albergatori che andavano nel suo albergo in incognito per copiare i segreti della sua performance. L&#8217;orgoglio era al massimo. La gamma dei prezzi all&#8217;interno del ventaglio 14.000 &#8211; 72.000 \u00e8 tuttora uno dei dogmi mondiali del pricing alberghiero.<\/p>\n\t\t\t\t<img loading=\"lazy\" decoding=\"async\" src=\"https:\/\/cc-raffaello.it\/wp-content\/uploads\/2024\/05\/Case-History-Hotel-Raffaello8.jpg\" alt=\"Case History Hotel Raffaello8\" itemprop=\"image\" height=\"522\" width=\"565\" title=\"Case History Hotel Raffaello8\" onerror=\"this.style.display='none'\"  \/>\n\t<p>Oltre che visionario, Balducci era come i puledri, non aveva mai pace, voleva correre, doveva cambiare, aggiustare, innovare, anche quando non ve n&#8217;era la necessit\u00e0. Aveva anticipato di almeno 5 anni i suoi competitor:<\/p>\n&#8211;\u00a0<em>camere e porte insonorizzate;<\/em><br \/>\n&#8211;\u00a0<em>letti queen size;<\/em><br \/>\n&#8211;\u00a0<em>televisori pi\u00f9 grandi di quelli dei 4 stelle;<\/em><br \/>\n&#8211;\u00a0<em>biancheria da bagno generosa;<\/em><br \/>\n&#8211;\u00a0<em>un breakfast disegnato per sbalordire.<\/em>\n<p>Anche se non era in prima linea e non vicinissimo al mare, l&#8217;evoluzione del Raffaello si pu\u00f2 forse descrivere attraverso i suoi prezzi e il modo di comunicare.<\/p>\n<p><em>(esempio di listino senza l&#8217;anno di emissione con &#8220;bambini gratis&#8221; fino a 6 anni e gamma dei prezzi 19.000 &#8211; 88.000)<\/em><\/p>\n\t\t\t\t<img loading=\"lazy\" decoding=\"async\" src=\"https:\/\/cc-raffaello.it\/wp-content\/uploads\/2024\/05\/Case-History-Hotel-Raffaello9b.jpg\" alt=\"Case History Hotel Raffaello9b\" itemprop=\"image\" height=\"532\" width=\"565\" title=\"Case History Hotel Raffaello9b\" onerror=\"this.style.display='none'\"  \/>\n\t<p>Questa\u00a0<em>case history<\/em>\u00a0ha un senso solo pensando a come siamo nati, a com&#8217;eravamo e alla preistoria della comunicazione turistica, ai tempi in cui si usava la carta, non il web.<\/p>\n<p>L&#8217;Associazione Albergatori di Cesenatico in quegli anni era refrattaria alle innovazioni, anche a quelle sindacali. Balducci non amava essere come gli altri, odiava la mediet\u00e0 e soprattutto la presenza sindacale che non combinava con la sua vulcanica voglia di fare cose differenti anche dal punto di vista organizzativo. I conflitti e le resistenze dei suoi dipendenti erano proverbiali, ma lui aveva una marcia in pi\u00f9 rispetto ai suoi colleghi e avendo messo in pratica un nuovo modello di ospitalit\u00e0, pretendeva di ottenere autentici vantaggi dalla sua diversit\u00e0. Sebbene fosse pronto e disponibile a condividere tutto, anche gli eccessi, assediato dai problemi organizzativi, dalla scarsa disponibilit\u00e0 di personale mansueto e dall&#8217;avanzare delle tutele sindacali, Balducci si butt\u00f2 in un&#8217;avventura straordinaria, anzi &#8220;estrema&#8221;:\u00a0<strong><em>ottenere da Roma un contratto nazionale di lavoro personalizzato, solo per lui.<\/em><\/strong>\u00a0A quel tempo i gestori d&#8217;albergo si allineavano al Contratto nazionale con l&#8217;aggiunta di un supplemento di costo per il Contratto integrativo stagionale. L&#8217;integrativo era vantaggioso per i gestori perch\u00e8 teneva lontani i sindacati e consentiva di &#8220;pasticciare&#8221; su orari, riposi e mansioni.<\/p>\n<p>Ma Balducci, esasperato dai conflitti e dalle resistenze del personale, intenzionato a comandare senza vincoli, torn\u00f2 a Rimini per un confronto con me. Aveva in testa un&#8217;idea senza sponde. Mi disse che non amava i pasticci e che non ne poteva pi\u00f9 dei conflitti con il suo personale. Era gi\u00e0 in divisa da guerrigliero. Cerc\u00f2 di spiegarmi che\u00a0<em>&#8220;essendo l&#8217;Hotel Raffaello generoso con i clienti e con i dipendenti, non meritava le rigidit\u00e0 contrattuali&#8221;.<\/em>\u00a0Lui pretendeva di dettare le sue condizioni al sindacato, di pagare per queste condizioni, e di essere trattato diversamente dagli altri. Cercai di spiegargli che il mercato del lavoro non \u00e8\u00a0<em>marketing oriented ma labour oriented<\/em>\u00a0e che quello che lui voleva fare non avrebbe funzionato perch\u00e8 il contratto, dovendo per legge &#8220;essere migliorativo rispetto al CCNL di categoria&#8221;, avrebbe causato rappresaglie continue, una sorveglianza estiva che l&#8217;avrebbe fatto arrabbiare, un generale irrigidimento delle istituzioni, infine\u00a0<em>costi eccessivi.<\/em><\/p>\n<p>Balducci promise:\u00a0<em>ci penso<\/em>, ma in realt\u00e0 aveva smesso di ascoltarmi da mezzora, cos\u00ec scese in guerra con i sindacati nazionali, provinciali e con l&#8217;Associazione Albergatori di Cesenatico, che essendo firmataria del contratto integrativo stagionale e interlocutrice ufficiale dei sindacati si sent\u00ec scavalcata, e fin\u00ec per ostacolare quel bizzarro accordo.<\/p>\n<p>Ma lui voleva un contratto di lavoro speciale che tenesse conto delle sue esigenze di orario, e di salario. Tribol\u00f2 tanto che lo ottenne e con il contratto si guadagn\u00f2 anche una stagione tremenda. Lo riconobbe, fece un passo indietro e rientr\u00f2 nella normalit\u00e0<\/p>\n<p>Continuammo cos\u00ec per anni ad assisterlo ormai in chiave istituzionale: qualche ora all&#8217;anno per cercare di aiutarlo ad evitare i conflitti quotidiani. Siamo diventati amici.<\/p>\n<p>Gabriele era speciale e tendeva, per essere diverso dagli altri, a sposare teorie, a dare giudizi, a valutare i clienti e ad amarli fino a mandarli via.<\/p>\n<p>Era nella sua natura sentirsi &#8220;bravo albergatore&#8221;, autentico pioniere, gestore al di sopra della mediocrit\u00e0. Durante i nostri incontri dedicava un sacco di tempo a descrivere i comportamenti sbagliati degli altri e a condannare chi non voleva seguire le sue regole.<\/p>\n<p>A proposito, l&#8217;innovatore per antonomasia e fondatore della flessibilit\u00e0 dei prezzi, dopo 10 anni di guida contro-corrente cambi\u00f2. Dedic\u00f2 se stesso ad irrigidire le regole che aveva creato e a standardizzare la procedura di commercializzazione degli anni &#8217;60. A un certo punto decise di affittare l&#8217;albergo, ma pretese di seguirlo come fosse ancora lui il patron &#8230; e fece bene perch\u00e8 i locatari non si rivelarono all&#8217;altezza e Gabriele dovette riprendersi la gestione. Quando lo riprese in mano forse per timore che lo rimproverassi (cosa che affettuosamente ho sempre fatto) prefer\u00ec riferirsi a mio figlio Stefano, al quale avevo raccomandato di trattarlo con i guanti.<\/p>\n<p>Nuovo sodalizio, nuova newsletter, listini, modi di fare, ma ormai il web stava sconvolgendo la sartoria di Gabriele Balducci, pioniere del pricing e dell&#8217;ospitalit\u00e0.<\/p>\n<h2>\n\t\tCommenti\n\t<\/h2>\n<h2>\n\t\tDai nostri affezionati clienti\n\t<\/h2>\n\t<p><strong>Il 22\/10\/2012 alle 08:58:58, Edgar R\u00fccker ha scritto:<\/strong><\/p>\n<p>Auch wir f\u00fchlten uns bei Familie Balducci wie in einer gro\u00dfen Familie, voller Herzlichkeit.Die selbstgebackenen Kuchen von der Chefin und der unerm\u00fcdliche Einsatz der beiden und die Bem\u00fchungen um ein gutes Betriebsklima waren bewundernswert. Leider haben die Gastarbeiter nicht f\u00fcr Ihren Chef, sondern nur f\u00fcr Ihre Faulheit gearbeitet. Und das Personal ist nun einmal das A und O eines Jeden Betriebes.So ein schlechtes Personal wie in den letzten Jahren hat Familie Balducci NICHT verdient. Wir werden Sie stets in guter und hochachtungsvoller Erinnerung behalten. PS.Bitte f\u00fcr uns deutsche doch auch etwas deutsch schreiben. Die Translation ist grammatikalisch eine Katastrophe.<\/p>\n<p><strong>Il 21\/09\/2012 alle 17:37:37, Hotel Habhof ha scritto:<\/strong><\/p>\n<p>Auch von uns ein Lob an Herrn Balducci!! Nicht nur in Italien hat sich durch seine Inovationen die saisonale Preispolitik durchgesetzt. Auch wir im Tiroler Tourismus arbeiten mit saisonal gerichteten Preisen bei unterschiedlichen Zimmerkategorien. Herr Balducci ist selbst Gast in unserem Hotel und sch\u00e4tzt ein saisonales Preisangebot sehr!! Wir w\u00fcnschen Ihm alles Gute und hoffen, Ihn noch lange als Gast in unserem Hotel begr\u00fcssen zu d\u00fcrfen. Wir k\u00f6nnen noch immer sehr viel von Ihm lernen. Ein Pionier der Tourismusbranche!!<\/p>\n<p><strong>Il 12\/09\/2012 alle 18:32:34, Alessandra ha scritto:<\/strong><\/p>\n<p>&#8230;Credo che per Gabriele Balducci l&#8217;Hotel Raffaello sia stata una vera passione, un modo di vivere. Con passione e dedizione ha saputo creare un ambiente confortevole e famigliare. Molti sono gli albergatori che guardano esclusivamente il lato economico della loro attivit\u00e0: i clienti intesi solo come numero, guadagno; Balducci, come pochi professionisti san fare, ha saputo instaurare dialogo con le persone, ha cercato di capirne le esigenze. Un uomo certamente dalle idee originali, pronto a cogliere novit\u00e0 e nel contempo fedele al concetto di famiglia (il vero valore della vita). Grazie al suo costante lavoro, alla sua grinta ha fatto si che molte famiglie, e molti singoli, riuscissero a trascorrere delle liete vacanze.<\/p>\n\n","protected":false},"excerpt":{"rendered":"<p>Case History dell&#8217;Hotel Raffaello di Aureliano Bonini Ho incontrato Gabriele Balducci nel lontano 1987, un anno prima della fioritura algale di luglio 1988 e della tragica fioritura delle mucillaggini del 1989. In quegli anni il turismo andava cos\u00ec bene che gli albergatori non erano neppure sfiorati dalla necessit\u00e0 di sentire i consulenti. Si sentivano imparati,&hellip;<\/p>\n","protected":false},"author":1,"featured_media":0,"parent":0,"menu_order":0,"comment_status":"closed","ping_status":"closed","template":"","meta":{"footnotes":""},"_links":{"self":[{"href":"https:\/\/cc-raffaello.it\/home\/wp-json\/wp\/v2\/pages\/54"}],"collection":[{"href":"https:\/\/cc-raffaello.it\/home\/wp-json\/wp\/v2\/pages"}],"about":[{"href":"https:\/\/cc-raffaello.it\/home\/wp-json\/wp\/v2\/types\/page"}],"author":[{"embeddable":true,"href":"https:\/\/cc-raffaello.it\/home\/wp-json\/wp\/v2\/users\/1"}],"replies":[{"embeddable":true,"href":"https:\/\/cc-raffaello.it\/home\/wp-json\/wp\/v2\/comments?post=54"}],"version-history":[{"count":13,"href":"https:\/\/cc-raffaello.it\/home\/wp-json\/wp\/v2\/pages\/54\/revisions"}],"predecessor-version":[{"id":270,"href":"https:\/\/cc-raffaello.it\/home\/wp-json\/wp\/v2\/pages\/54\/revisions\/270"}],"wp:attachment":[{"href":"https:\/\/cc-raffaello.it\/home\/wp-json\/wp\/v2\/media?parent=54"}],"curies":[{"name":"wp","href":"https:\/\/api.w.org\/{rel}","templated":true}]}}